{"id":25,"date":"2019-09-17T11:55:23","date_gmt":"2019-09-17T09:55:23","guid":{"rendered":"https:\/\/thaiwok-restaurant.de\/merton\/?page_id=25"},"modified":"2019-09-17T13:00:19","modified_gmt":"2019-09-17T11:00:19","slug":"impressum","status":"publish","type":"page","link":"https:\/\/thaiwok-restaurant.de\/merton\/impressum\/","title":{"rendered":"Impressum"},"content":{"rendered":"\t\t<div data-elementor-type=\"wp-page\" data-elementor-id=\"25\" class=\"elementor elementor-25\" data-elementor-post-type=\"page\">\n\t\t\t\t\t\t<section class=\"elementor-section elementor-top-section elementor-element elementor-element-3a446222 elementor-section-boxed elementor-section-height-default elementor-section-height-default\" data-id=\"3a446222\" data-element_type=\"section\" data-e-type=\"section\">\n\t\t\t\t\t\t<div class=\"elementor-container elementor-column-gap-default\">\n\t\t\t\t\t<div class=\"elementor-column elementor-col-100 elementor-top-column elementor-element elementor-element-d60dd0a\" data-id=\"d60dd0a\" data-element_type=\"column\" data-e-type=\"column\">\n\t\t\t<div class=\"elementor-widget-wrap elementor-element-populated\">\n\t\t\t\t\t\t<div class=\"elementor-element elementor-element-7e3ef55e elementor-widget elementor-widget-text-editor\" data-id=\"7e3ef55e\" data-element_type=\"widget\" data-e-type=\"widget\" data-widget_type=\"text-editor.default\">\n\t\t\t\t<div class=\"elementor-widget-container\">\n\t\t\t\t\t\t\t\t\t<h1><b>Impressum<\/b><\/h1><p><b style=\"font-size: 14px;\">Angaben gem\u00e4\u00df \u00a7 5 TMG<\/b><\/p><p>Salih Bayrak<br \/>THAI WOK<br \/>Scherbius Stra\u00dfe 3<br \/>60486 Frankfurt am Main<\/p><p><b>Kontakt<\/b><\/p><p>THAI WOK Merton&#8217;s Passage<br \/>Lurgiallee 6-8 (Merton&#8217;s Passage)<br \/>60439 Frankfurt am Main<br \/>Tel. 069 95200130<\/p><p>THAI WOK Citywest<br \/>Ohmstra\u00dfe 63<br \/>60486 Frankfurt am Main<br \/>Tel. 069 97787778<\/p><p>THAI WOK Bockenheim<br \/>Kurf\u00fcrstenstra\u00dfe 57<br \/>60486 Frankfurt am Main<br \/>Tel. 069 79302602<\/p><p>THAI WOK Griesheim<br \/>Alte Falterstra\u00dfe 24<br \/>65933 Frankfurt am Main<br \/>Tel. 069 93993330<\/p><p>Umsatzsteuer-Identifikationsnummer gem\u00e4\u00df \u00a727 a Umsatzsteuergesetz<br \/><span style=\"color: #993300;\"><b>DE 999 999 999<\/b><\/span><\/p><p><b>Haftung f\u00fcr Inhalte<\/b><br \/>Als Diensteanbieter sind wir gem\u00e4\u00df \u00a7 7 Abs.1 TMG f\u00fcr eigene Inhalte auf diesen Seiten nach den allgemeinen Gesetzen verantwortlich. Nach \u00a7\u00a7 8 bis 10 TMG sind wir als Diensteanbieter jedoch nicht verpflichtet, \u00fcbermittelte oder gespeicherte fremde Informationen zu \u00fcberwachen oder nach Umst\u00e4nden zu forschen, die auf eine rechtswidrige T\u00e4tigkeit hinweisen.<br \/>Verpflichtungen zur Entfernung oder Sperrung der Nutzung von Informationen nach den allgemeinen Gesetzen bleiben hiervon unber\u00fchrt. Eine diesbez\u00fcgliche Haftung ist jedoch erst ab dem Zeitpunkt der Kenntnis einer konkreten Rechtsverletzung m\u00f6glich. Bei Bekanntwerden von entsprechenden Rechtsverletzungen werden wir diese Inhalte umgehend entfernen.<\/p><p><b>Haftung f\u00fcr Links<\/b><br \/>Unser Angebot enth\u00e4lt Links zu externen Webseiten Dritter, auf deren Inhalte wir keinen Einfluss haben. Deshalb k\u00f6nnen wir f\u00fcr diese fremden Inhalte auch keine Gew\u00e4hr \u00fcbernehmen. F\u00fcr die Inhalte der verlinkten Seiten ist stets der jeweilige Anbieter oder Betreiber der Seiten verantwortlich. Die verlinkten Seiten wurden zum Zeitpunkt der Verlinkung auf m\u00f6gliche Rechtsverst\u00f6\u00dfe \u00fcberpr\u00fcft. Rechtswidrige Inhalte waren zum Zeitpunkt der Verlinkung nicht erkennbar. <br \/>Eine permanente inhaltliche Kontrolle der verlinkten Seiten ist jedoch ohne konkrete Anhaltspunkte einer Rechtsverletzung nicht zumutbar. Bei Bekanntwerden von Rechtsverletzungen werden wir derartige Links umgehend entfernen.<\/p><p><b>Urheberrecht<\/b><br \/>Die durch die Seitenbetreiber erstellten Inhalte und Werke auf diesen Seiten unterliegen dem deutschen Urheberrecht. Die Vervielf\u00e4ltigung, Bearbeitung, Verbreitung und jede Art der Verwertung au\u00dferhalb der Grenzen des Urheberrechtes bed\u00fcrfen der schriftlichen Zustimmung des jeweiligen Autors bzw. Erstellers. Downloads und Kopien dieser Seite sind nur f\u00fcr den privaten, nicht kommerziellen Gebrauch gestattet. <br \/>Soweit die Inhalte auf dieser Seite nicht vom Betreiber erstellt wurden, werden die Urheberrechte Dritter beachtet. Insbesondere werden Inhalte Dritter als solche gekennzeichnet. Sollten Sie trotzdem auf eine Urheberrechtsverletzung aufmerksam werden, bitten wir um einen entsprechenden Hinweis. Bei Bekanntwerden von Rechtsverletzungen werden wir derartige Inhalte umgehend entfernen.<\/p>\t\t\t\t\t\t\t\t<\/div>\n\t\t\t\t<\/div>\n\t\t\t\t\t<\/div>\n\t\t<\/div>\n\t\t\t\t\t<\/div>\n\t\t<\/section>\n\t\t\t\t<\/div>\n\t\t","protected":false},"excerpt":{"rendered":"<p>Impressum Angaben gem\u00e4\u00df \u00a7 5 TMG Salih BayrakTHAI WOKScherbius Stra\u00dfe 360486 Frankfurt am Main Kontakt THAI WOK Merton&#8217;s PassageLurgiallee 6-8 (Merton&#8217;s Passage)60439 Frankfurt am MainTel. 069 95200130 THAI WOK CitywestOhmstra\u00dfe 6360486 Frankfurt am MainTel. 069 97787778 THAI WOK BockenheimKurf\u00fcrstenstra\u00dfe 5760486 Frankfurt am MainTel. 069 79302602 THAI WOK GriesheimAlte Falterstra\u00dfe 2465933 Frankfurt am MainTel. 069 93993330&hellip;<\/p>\n","protected":false},"author":1,"featured_media":0,"parent":0,"menu_order":0,"comment_status":"closed","ping_status":"closed","template":"","meta":{"footnotes":""},"class_list":["post-25","page","type-page","status-publish","hentry"],"_links":{"self":[{"href":"https:\/\/thaiwok-restaurant.de\/merton\/wp-json\/wp\/v2\/pages\/25","targetHints":{"allow":["GET"]}}],"collection":[{"href":"https:\/\/thaiwok-restaurant.de\/merton\/wp-json\/wp\/v2\/pages"}],"about":[{"href":"https:\/\/thaiwok-restaurant.de\/merton\/wp-json\/wp\/v2\/types\/page"}],"author":[{"embeddable":true,"href":"https:\/\/thaiwok-restaurant.de\/merton\/wp-json\/wp\/v2\/users\/1"}],"replies":[{"embeddable":true,"href":"https:\/\/thaiwok-restaurant.de\/merton\/wp-json\/wp\/v2\/comments?post=25"}],"version-history":[{"count":0,"href":"https:\/\/thaiwok-restaurant.de\/merton\/wp-json\/wp\/v2\/pages\/25\/revisions"}],"wp:attachment":[{"href":"https:\/\/thaiwok-restaurant.de\/merton\/wp-json\/wp\/v2\/media?parent=25"}],"curies":[{"name":"wp","href":"https:\/\/api.w.org\/{rel}","templated":true}]}}